{"id":1031,"date":"2021-06-09T08:44:59","date_gmt":"2021-06-09T11:44:59","guid":{"rendered":"https:\/\/isfdbrasil-mis.infd.edu.ar\/sitio\/?page_id=1031"},"modified":"2024-10-25T22:12:34","modified_gmt":"2024-10-26T01:12:34","slug":"tesea","status":"publish","type":"page","link":"https:\/\/isfdbrasil-mis.infd.edu.ar\/sitio\/tesea\/","title":{"rendered":"TESEA"},"content":{"rendered":"<p><strong>Duraci\u00f3n:<\/strong> 3 a\u00f1os<\/p>\n<p><strong>T\u00edtulo:<\/strong> T\u00c9CNICO SUPERIOR EN ACTUACI\u00d3N con Disposici\u00f3n Ministerial 488\/18 con Validez Nacional<\/p>\n<p><strong>Plan de estudios:<\/strong><\/p>\n<p><strong>1er A\u00f1o<\/strong><\/p>\n<p>-Sociolog\u00eda del arte -Est\u00e9ticas contempor\u00e1neas<\/p>\n<p>-Obra de arte y discurso art\u00edstico<\/p>\n<p>-T\u00e9cnicas teatrales I -T\u00e9cnicas circenses I<\/p>\n<p>-Laboratorio de experimentaci\u00f3n corporal I -Taller de actuaci\u00f3n I<\/p>\n<p>-Proyecto de investigaci\u00f3n e integraci\u00f3n teatral<\/p>\n<p><strong>2do A\u00f1o<\/strong><\/p>\n<p>-Arte, \u00e9tica y profesi\u00f3n<\/p>\n<p>-An\u00e1lisis de textos<\/p>\n<p>-Semi\u00f3tica<\/p>\n<p>-Semi\u00f3tica teatral -Historia del teatro I<\/p>\n<p>\u00a0 -Ingles I<\/p>\n<p>-G\u00e9neros teatrales -T\u00e9cnicas teatrales II<\/p>\n<p>-T\u00e9cnicas de Cine y TV<\/p>\n<p>-Laboratorio de experimentaci\u00f3n del movimiento II<\/p>\n<p>-Taller de actuaci\u00f3n II<\/p>\n<p>-Proyecto de intervenci\u00f3n socio comunitaria<\/p>\n<p><strong>3er a\u00f1o<\/strong><\/p>\n<p>-Historia del teatro II<\/p>\n<p>-Planificaci\u00f3n y gesti\u00f3n cultural<\/p>\n<p>-Ingles II<\/p>\n<p>-T\u00e9cnicas teatrales II<\/p>\n<p>-Laboratorio de experimentaci\u00f3n esc\u00e9nica -Taller de montaje y puesta en escena<\/p>\n<p>-Taller de dramaturgia del actor -Taller de teatro de objetos<\/p>\n<p>-Proyecto de Producci\u00f3n<\/p>\n<p><strong>Requisitos<\/strong><\/p>\n<p>-Fotocopia DNI<\/p>\n<p>-Fotocopia autenticada del T\u00edtulo del Secundario<\/p>\n<p>-Fotocopia autenticada de la Partida de nacimiento. -Fotocopia autenticada del D.N.I. 1\u00ba y 2\u00bap\u00e1gina.<\/p>\n<p>-2\u00a0 fotos 4&#215;4.<\/p>\n<p><strong>Modalidad<\/strong><strong> de cursado: <\/strong>Presencialidad Plena<img decoding=\"async\" loading=\"lazy\" class=\"alignnone size-medium wp-image-1063\" src=\"https:\/\/isfdbrasil-mis.infd.edu.ar\/sitio\/wp-content\/uploads\/2022\/09\/presntaciones-TeSeA-1-439x1000.jpeg\" alt=\"N\u00fameros de T\u00e9cnicas Circenses\" width=\"439\" height=\"1000\" srcset=\"https:\/\/isfdbrasil-mis.infd.edu.ar\/sitio\/wp-content\/uploads\/2022\/09\/presntaciones-TeSeA-1-439x1000.jpeg 439w, https:\/\/isfdbrasil-mis.infd.edu.ar\/sitio\/wp-content\/uploads\/2022\/09\/presntaciones-TeSeA-1.jpeg 508w\" sizes=\"(max-width: 439px) 100vw, 439px\" \/> <img decoding=\"async\" loading=\"lazy\" class=\"alignnone size-medium wp-image-1064\" src=\"https:\/\/isfdbrasil-mis.infd.edu.ar\/sitio\/wp-content\/uploads\/2022\/09\/presntaciones-TeSeA-6-1000x750.jpeg\" alt=\"Primer a\u00f1o con la profesora Maria Angela Aguirre y la Coordinadora Sonia Liliana Vallejos \" width=\"1000\" height=\"750\" srcset=\"https:\/\/isfdbrasil-mis.infd.edu.ar\/sitio\/wp-content\/uploads\/2022\/09\/presntaciones-TeSeA-6-1000x750.jpeg 1000w, https:\/\/isfdbrasil-mis.infd.edu.ar\/sitio\/wp-content\/uploads\/2022\/09\/presntaciones-TeSeA-6-768x576.jpeg 768w, https:\/\/isfdbrasil-mis.infd.edu.ar\/sitio\/wp-content\/uploads\/2022\/09\/presntaciones-TeSeA-6.jpeg 1280w\" sizes=\"(max-width: 1000px) 100vw, 1000px\" \/> <img decoding=\"async\" loading=\"lazy\" class=\"alignnone size-medium wp-image-1065\" src=\"https:\/\/isfdbrasil-mis.infd.edu.ar\/sitio\/wp-content\/uploads\/2022\/09\/presntaciones-TeSeA-2-1000x750.jpeg\" alt=\"\" width=\"1000\" height=\"750\" srcset=\"https:\/\/isfdbrasil-mis.infd.edu.ar\/sitio\/wp-content\/uploads\/2022\/09\/presntaciones-TeSeA-2-1000x750.jpeg 1000w, https:\/\/isfdbrasil-mis.infd.edu.ar\/sitio\/wp-content\/uploads\/2022\/09\/presntaciones-TeSeA-2-768x576.jpeg 768w, https:\/\/isfdbrasil-mis.infd.edu.ar\/sitio\/wp-content\/uploads\/2022\/09\/presntaciones-TeSeA-2.jpeg 1280w\" sizes=\"(max-width: 1000px) 100vw, 1000px\" \/>\u00a0\u00a0<\/p>\n<p><strong><img decoding=\"async\" loading=\"lazy\" class=\"alignnone size-medium wp-image-1050\" src=\"https:\/\/isfdbrasil-mis.infd.edu.ar\/sitio\/wp-content\/uploads\/2021\/07\/logo-tesea-1000x746.jpg\" alt=\"\" width=\"1000\" height=\"746\" srcset=\"https:\/\/isfdbrasil-mis.infd.edu.ar\/sitio\/wp-content\/uploads\/2021\/07\/logo-tesea-1000x746.jpg 1000w, https:\/\/isfdbrasil-mis.infd.edu.ar\/sitio\/wp-content\/uploads\/2021\/07\/logo-tesea-768x573.jpg 768w, https:\/\/isfdbrasil-mis.infd.edu.ar\/sitio\/wp-content\/uploads\/2021\/07\/logo-tesea.jpg 1120w\" sizes=\"(max-width: 1000px) 100vw, 1000px\" \/>Perfil<\/strong> <strong>formativo:<\/strong> El objetivo general de la carrera es formar T\u00e9cnicos en Actuaci\u00f3n para Artes Esc\u00e9nicas y Audiovisuales que contribuyan a profesionalizar y enriquecer la producci\u00f3n art\u00edstica local y regional, como as\u00ed su proyecci\u00f3n al pa\u00eds y el mundo<\/p>\n<p><strong>Perfil<\/strong> <strong>Profesional:<\/strong> El egresado de la carrera podr\u00e1 ejercer la actuaci\u00f3n en organismos p\u00fablicos y privados, en el \u00e1mbito de las artes esc\u00e9nicas y audiovisuales. Las proyecciones laborales para los T\u00e9cnicos Superiores en Actuaci\u00f3n responden a la creciente demanda de profesionales capacitados producida por las pol\u00edticas de promoci\u00f3n del audiovisual, las artes esc\u00e9nicas y la televisi\u00f3n digital abierta, entre otras, en el marco del desarrollo de nuestra identidad cultural.<\/p>\n<p><strong>Contacto: <\/strong>Escuela Normal Superior Estados Unidos del Brasil- Belgrano N\u00ba 515-Posadas, Misiones. (C.P.3300)\u00a0 \u00a0 \u00a0 \u00a0 \u00a0 \u00a0 \u00a0 \u00a0 \u00a0 \u00a0 \u00a0 \u00a0 \u00a0<\/p>\n<p>&nbsp;<\/p>\n","protected":false},"excerpt":{"rendered":"<p>Duraci\u00f3n: 3 a\u00f1os T\u00edtulo: T\u00c9CNICO SUPERIOR EN ACTUACI\u00d3N con Disposici\u00f3n Ministerial 488\/18 con Validez Nacional Plan de estudios: 1er A\u00f1o -Sociolog\u00eda del arte -Est\u00e9ticas contempor\u00e1neas -Obra de arte y discurso art\u00edstico -T\u00e9cnicas teatrales I -T\u00e9cnicas circenses I -Laboratorio de experimentaci\u00f3n corporal I -Taller de actuaci\u00f3n I -Proyecto de investigaci\u00f3n e integraci\u00f3n teatral 2do A\u00f1o -Arte, &#8230; <a title=\"TESEA\" class=\"read-more\" href=\"https:\/\/isfdbrasil-mis.infd.edu.ar\/sitio\/tesea\/\" aria-label=\"More on TESEA\">[+]<\/a><\/p>\n","protected":false},"author":7,"featured_media":0,"parent":0,"menu_order":0,"comment_status":"closed","ping_status":"closed","template":"","meta":[],"acf":[],"_links":{"self":[{"href":"https:\/\/isfdbrasil-mis.infd.edu.ar\/sitio\/wp-json\/wp\/v2\/pages\/1031"}],"collection":[{"href":"https:\/\/isfdbrasil-mis.infd.edu.ar\/sitio\/wp-json\/wp\/v2\/pages"}],"about":[{"href":"https:\/\/isfdbrasil-mis.infd.edu.ar\/sitio\/wp-json\/wp\/v2\/types\/page"}],"author":[{"embeddable":true,"href":"https:\/\/isfdbrasil-mis.infd.edu.ar\/sitio\/wp-json\/wp\/v2\/users\/7"}],"replies":[{"embeddable":true,"href":"https:\/\/isfdbrasil-mis.infd.edu.ar\/sitio\/wp-json\/wp\/v2\/comments?post=1031"}],"version-history":[{"count":10,"href":"https:\/\/isfdbrasil-mis.infd.edu.ar\/sitio\/wp-json\/wp\/v2\/pages\/1031\/revisions"}],"predecessor-version":[{"id":1087,"href":"https:\/\/isfdbrasil-mis.infd.edu.ar\/sitio\/wp-json\/wp\/v2\/pages\/1031\/revisions\/1087"}],"wp:attachment":[{"href":"https:\/\/isfdbrasil-mis.infd.edu.ar\/sitio\/wp-json\/wp\/v2\/media?parent=1031"}],"curies":[{"name":"wp","href":"https:\/\/api.w.org\/{rel}","templated":true}]}}