{"id":883,"date":"2018-08-02T12:27:24","date_gmt":"2018-08-02T15:27:24","guid":{"rendered":"https:\/\/isfdbrasil-mis.infd.edu.ar\/sitio\/plan-de-estudios\/"},"modified":"2019-06-08T09:21:49","modified_gmt":"2019-06-08T12:21:49","slug":"plan-de-estudios","status":"publish","type":"page","link":"https:\/\/isfdbrasil-mis.infd.edu.ar\/sitio\/plan-de-estudios\/","title":{"rendered":"Plan de estudios"},"content":{"rendered":"<h1 style=\"text-align: center;\">Plan de Estudios<\/h1>\n<p>DISE\u00d1O CURRICULAR PARA LA FORMACI\u00d3N DOCENTE<\/p>\n<p>NIVEL EDUCACI\u00d3N PRIMARIA<\/p>\n<p>&nbsp;<\/p>\n<p>1er parte<\/p>\n<p><a href=\"https:\/\/isfdbrasil-mis.infd.edu.ar\/sitio\/wp-content\/uploads\/2019\/06\/Dise\u00f1o-Curricular-Profesorado-Educaci\u00f3n-Primaria-p\u00e1ginas-1-1517-60.pdf\">Dise\u00f1o Curricular Profesorado Educaci\u00f3n Primaria-p\u00e1ginas-1-15,17-60<\/a><\/p>\n<p>&nbsp;<\/p>\n<p>2daParte<\/p>\n<p><a href=\"https:\/\/isfdbrasil-mis.infd.edu.ar\/sitio\/wp-content\/uploads\/2019\/06\/Dise\u00f1o-Curricular-Profesorado-Educaci\u00f3n-Primaria-p\u00e1ginas-61-101.pdf\">Dise\u00f1o Curricular Profesorado Educaci\u00f3n Primaria-p\u00e1ginas-61-101<\/a><\/p>\n<p>&nbsp;<\/p>\n<p>R\u00c9GIMEN ACAD\u00c9MICO MARCO<\/p>\n<p><a href=\"https:\/\/isfdbrasil-mis.infd.edu.ar\/sitio\/wp-content\/uploads\/2019\/06\/Res_39110_2.pdf\">Res_39110_2<\/a><\/p>\n<p>&nbsp;<\/p>\n<p>&nbsp;<\/p>\n<p>Planilla de Asignaturas\/seminarios\/talleres por A\u00d1O<\/p>\n<p><span style=\"color: #000000; font-family: Verdana; font-size: small;\"><a href=\"https:\/\/isfdbrasil-mis.infd.edu.ar\/sitio\/wp-content\/uploads\/2019\/06\/dise\u00f1o-2015.xlsx\">dise\u00f1o 2015<\/a><\/span><\/p>\n","protected":false},"excerpt":{"rendered":"<p>Plan de Estudios DISE\u00d1O CURRICULAR PARA LA FORMACI\u00d3N DOCENTE NIVEL EDUCACI\u00d3N PRIMARIA &nbsp; 1er parte Dise\u00f1o Curricular Profesorado Educaci\u00f3n Primaria-p\u00e1ginas-1-15,17-60 &nbsp; 2daParte Dise\u00f1o Curricular Profesorado Educaci\u00f3n Primaria-p\u00e1ginas-61-101 &nbsp; R\u00c9GIMEN ACAD\u00c9MICO MARCO Res_39110_2 &nbsp; &nbsp; Planilla de Asignaturas\/seminarios\/talleres por A\u00d1O dise\u00f1o 2015<\/p>\n","protected":false},"author":19,"featured_media":0,"parent":0,"menu_order":0,"comment_status":"closed","ping_status":"closed","template":"","meta":[],"acf":[],"_links":{"self":[{"href":"https:\/\/isfdbrasil-mis.infd.edu.ar\/sitio\/wp-json\/wp\/v2\/pages\/883"}],"collection":[{"href":"https:\/\/isfdbrasil-mis.infd.edu.ar\/sitio\/wp-json\/wp\/v2\/pages"}],"about":[{"href":"https:\/\/isfdbrasil-mis.infd.edu.ar\/sitio\/wp-json\/wp\/v2\/types\/page"}],"author":[{"embeddable":true,"href":"https:\/\/isfdbrasil-mis.infd.edu.ar\/sitio\/wp-json\/wp\/v2\/users\/19"}],"replies":[{"embeddable":true,"href":"https:\/\/isfdbrasil-mis.infd.edu.ar\/sitio\/wp-json\/wp\/v2\/comments?post=883"}],"version-history":[{"count":4,"href":"https:\/\/isfdbrasil-mis.infd.edu.ar\/sitio\/wp-json\/wp\/v2\/pages\/883\/revisions"}],"predecessor-version":[{"id":953,"href":"https:\/\/isfdbrasil-mis.infd.edu.ar\/sitio\/wp-json\/wp\/v2\/pages\/883\/revisions\/953"}],"wp:attachment":[{"href":"https:\/\/isfdbrasil-mis.infd.edu.ar\/sitio\/wp-json\/wp\/v2\/media?parent=883"}],"curies":[{"name":"wp","href":"https:\/\/api.w.org\/{rel}","templated":true}]}}